{"id":7956,"date":"2022-04-06T15:48:57","date_gmt":"2022-04-06T15:48:57","guid":{"rendered":"https:\/\/staging.liquid-themes.com\/arc-asymmetric-portfolio\/?page_id=7956"},"modified":"2026-02-04T14:35:54","modified_gmt":"2026-02-04T11:35:54","slug":"nos-references","status":"publish","type":"page","link":"https:\/\/hvygroup.com\/fr\/nos-references\/","title":{"rendered":"Nos r\u00e9f\u00e9rences"},"content":{"rendered":"\t\t<div data-elementor-type=\"wp-page\" data-elementor-id=\"7956\" class=\"elementor elementor-7956\" data-elementor-post-type=\"page\">\n\t\t\t\t\t\t<section class=\"elementor-section elementor-top-section elementor-element elementor-element-287b7f95 elementor-section-boxed elementor-section-height-default elementor-section-height-default\" data-id=\"287b7f95\" data-element_type=\"section\" data-e-type=\"section\" data-settings=\"{&quot;background_background&quot;:&quot;classic&quot;}\">\n\t\t\t\t\t\t\t<div class=\"elementor-background-overlay\"><\/div>\n\t\t\t\t\t\t\t<div class=\"elementor-container elementor-column-gap-no\">\n\t\t\t\t\t<div data-animated-borders=\"1\" class=\"elementor-column elementor-col-100 elementor-top-column elementor-element elementor-element-3f7368ef\" data-id=\"3f7368ef\" data-element_type=\"column\" data-e-type=\"column\" data-settings=\"{&quot;background_background&quot;:&quot;classic&quot;}\">\n\t\t\t<div class=\"elementor-widget-wrap elementor-element-populated\">\n\t\t\t\t\t\t<div class=\"elementor-element elementor-element-2df0dd1e elementor-widget__width-auto elementor-widget elementor-widget-hub_fancy_heading\" data-id=\"2df0dd1e\" data-element_type=\"widget\" data-e-type=\"widget\" data-widget_type=\"hub_fancy_heading.default\">\n\t\t\t\t<div class=\"elementor-widget-container\">\n\t\t\t\t\t\n\t\t<div id=\"ld-fancy-heading-69e9d8b59dc0e\" class=\"ld-fancy-heading pos-rel\">\n\t\t\t<h1 class=\"ld-fh-element d-inline-block pos-rel  elementor-heading-title lqd-highlight-classic lqd-highlight-grow-left h1\"  > Nos r\u00e9f\u00e9rences<\/h1>\t\t<\/div>\n\n\t\t\t\t\t\t<\/div>\n\t\t\t\t<\/div>\n\t\t\t\t<div class=\"elementor-element elementor-element-7cb74b3b elementor-widget__width-auto elementor-widget elementor-widget-hub_fancy_heading\" data-id=\"7cb74b3b\" data-element_type=\"widget\" data-e-type=\"widget\" data-widget_type=\"hub_fancy_heading.default\">\n\t\t\t\t<div class=\"elementor-widget-container\">\n\t\t\t\t\t\n\t\t<div id=\"ld-fancy-heading-69e9d8b59e0fe\" class=\"ld-fancy-heading pos-rel\">\n\t\t\t\t\t<\/div>\n\n\t\t\t\t\t\t<\/div>\n\t\t\t\t<\/div>\n\t\t\t\t\t<\/div>\n\t\t<\/div>\n\t\t\t\t\t<\/div>\n\t\t<\/section>\n\t\t<div class=\"elementor-element elementor-element-5f4cf0f2 e-flex e-con-boxed e-con e-parent\" data-id=\"5f4cf0f2\" data-element_type=\"container\" data-e-type=\"container\" data-settings=\"{&quot;background_background&quot;:&quot;classic&quot;}\">\n\t\t\t\t\t<div class=\"e-con-inner\">\n\t\t\t\t<div class=\"elementor-element elementor-element-407f29bd elementor-widget elementor-widget-liquid_references\" data-id=\"407f29bd\" data-element_type=\"widget\" data-e-type=\"widget\" data-widget_type=\"liquid_references.default\">\n\t\t\t\t<div class=\"elementor-widget-container\">\n\t\t\t\t\t\r\n<div class=\"archub-references-container layout-ratio-16-9\" id=\"archub-ref-69e9d8b5a02df\"\r\n\tdata-preset-country=\"\"\r\n\tdata-preset-type=\"\"\r\n\tdata-orderby=\"date\"\r\n\tdata-order=\"DESC\"\r\n\tdata-layout=\"ratio-16-9\"\r\n\tdata-clickable=\"yes\"\r\n\tdata-items-per-page=\"5\">\r\n\t\r\n\t<!-- Filter Section -->\r\n\t<div class=\"references-filter-wrapper\">\r\n\t\t\r\n\t\t<!-- Search Bar -->\r\n\t\t<div class=\"filter-group\" style=\"position: relative; width: 100%; margin-bottom: 20px;\">\r\n\t\t\t<label for=\"references-search\">Rechercher<\/label>\r\n\t\t\t<input \r\n\t\t\t\ttype=\"text\" \r\n\t\t\t\tid=\"references-search\" \r\n\t\t\t\tclass=\"references-search-input\" \r\n\t\t\t\tplaceholder=\"Rechercher des r\u00e9f\u00e9rences...\"\r\n\t\t\t\tautocomplete=\"off\"\r\n\t\t\t>\r\n\t\t\t<div class=\"references-autocomplete-results\"><\/div>\r\n\t\t<\/div>\r\n\r\n\t\t<!-- Filters Grid -->\r\n\t\t<div class=\"references-filters\">\r\n\t\t\t\r\n\t\t\t<!-- Country Filter -->\r\n\t\t\t\t\t\t\t<div class=\"filter-group\">\r\n\t\t\t\t\t<label for=\"references-country\">Pays<\/label>\r\n\t\t\t\t\t<select id=\"references-country\" class=\"references-country-filter\" data-placeholder=\"S\u00e9lectionner un Pays\">\r\n\t\t\t\t\t\t<option value=\"\">Tous les Pays<\/option>\r\n\t\t\t\t\t\t\t\t\t\t\t\t\t<option value=\"allemagne\">\r\n\t\t\t\t\t\t\t\tAllemagne\t\t\t\t\t\t\t<\/option>\r\n\t\t\t\t\t\t\t\t\t\t\t\t\t<option value=\"azerbaidjan\">\r\n\t\t\t\t\t\t\t\tAzerba\u00efdjan\t\t\t\t\t\t\t<\/option>\r\n\t\t\t\t\t\t\t\t\t\t\t\t\t<option value=\"bosnie-herzegovine\">\r\n\t\t\t\t\t\t\t\tBosnie-Herz\u00e9govine\t\t\t\t\t\t\t<\/option>\r\n\t\t\t\t\t\t\t\t\t\t\t\t\t<option value=\"bulgarie\">\r\n\t\t\t\t\t\t\t\tBulgarie\t\t\t\t\t\t\t<\/option>\r\n\t\t\t\t\t\t\t\t\t\t\t\t\t<option value=\"croatie\">\r\n\t\t\t\t\t\t\t\tCroatie\t\t\t\t\t\t\t<\/option>\r\n\t\t\t\t\t\t\t\t\t\t\t\t\t<option value=\"georgie\">\r\n\t\t\t\t\t\t\t\tG\u00e9orgie\t\t\t\t\t\t\t<\/option>\r\n\t\t\t\t\t\t\t\t\t\t\t\t\t<option value=\"irak\">\r\n\t\t\t\t\t\t\t\tIrak\t\t\t\t\t\t\t<\/option>\r\n\t\t\t\t\t\t\t\t\t\t\t\t\t<option value=\"nigeria\">\r\n\t\t\t\t\t\t\t\tNig\u00e9ria\t\t\t\t\t\t\t<\/option>\r\n\t\t\t\t\t\t\t\t\t\t\t\t\t<option value=\"ouzbekistan\">\r\n\t\t\t\t\t\t\t\tOuzb\u00e9kistan\t\t\t\t\t\t\t<\/option>\r\n\t\t\t\t\t\t\t\t\t\t\t\t\t<option value=\"qatar\">\r\n\t\t\t\t\t\t\t\tQatar\t\t\t\t\t\t\t<\/option>\r\n\t\t\t\t\t\t\t\t\t\t\t\t\t<option value=\"russie\">\r\n\t\t\t\t\t\t\t\tRussie\t\t\t\t\t\t\t<\/option>\r\n\t\t\t\t\t\t\t\t\t\t\t\t\t<option value=\"turquie\">\r\n\t\t\t\t\t\t\t\tTurquie\t\t\t\t\t\t\t<\/option>\r\n\t\t\t\t\t\t\t\t\t\t\t<\/select>\r\n\t\t\t\t<\/div>\r\n\t\t\t\r\n\t\t\t<!-- Reference Type Filter -->\r\n\t\t\t\t\t\t\t<div class=\"filter-group\">\r\n\t\t\t\t\t<label for=\"references-reference-type\">Type de R\u00e9f\u00e9rence<\/label>\r\n\t\t\t\t\t<select id=\"references-reference-type\" class=\"references-reference-type-filter\">\r\n\t\t\t\t\t\t<option value=\"\">Tous les Types<\/option>\r\n\t\t\t\t\t\t\t\t\t\t\t\t\t<option value=\"autres-projets\">\r\n\t\t\t\t\t\t\t\tAutres Projets\t\t\t\t\t\t\t<\/option>\r\n\t\t\t\t\t\t\t\t\t\t\t\t\t<option value=\"construction-et-projets-de-grande-envergure\">\r\n\t\t\t\t\t\t\t\tConstruction et Projets de Grande Envergure\t\t\t\t\t\t\t<\/option>\r\n\t\t\t\t\t\t\t\t\t\t\t\t\t<option value=\"etablissements-denseignement-et-foyers\">\r\n\t\t\t\t\t\t\t\t\u00c9tablissements d&#039;Enseignement et Foyers\t\t\t\t\t\t\t<\/option>\r\n\t\t\t\t\t\t\t\t\t\t\t\t\t<option value=\"hotels\">\r\n\t\t\t\t\t\t\t\tH\u00f4tels\t\t\t\t\t\t\t<\/option>\r\n\t\t\t\t\t\t\t\t\t\t\t\t\t<option value=\"projets-de-sante\">\r\n\t\t\t\t\t\t\t\tProjets de Sant\u00e9\t\t\t\t\t\t\t<\/option>\r\n\t\t\t\t\t\t\t\t\t\t\t\t\t<option value=\"restaurants-et-cafes\">\r\n\t\t\t\t\t\t\t\tRestaurants et Caf\u00e9s\t\t\t\t\t\t\t<\/option>\r\n\t\t\t\t\t\t\t\t\t\t\t<\/select>\r\n\t\t\t\t<\/div>\r\n\t\t\t\r\n\t\t\t<!-- Clear Filters Button -->\r\n\t\t\t<div class=\"filter-group\">\r\n\t\t\t\t<label>&nbsp;<\/label>\r\n\t\t\t\t<button type=\"button\" class=\"references-clear-filters\">\r\n\t\t\t\t\tEffacer les Filtres\t\t\t\t<\/button>\r\n\t\t\t<\/div>\r\n\t\t<\/div>\r\n\r\n\t\t<!-- Active Filters Tags -->\r\n\t\t<div class=\"references-active-filters\"><\/div>\r\n\r\n\t\t<!-- Result Counter -->\r\n\t\t<div class=\"references-result-info\">\r\n\t\t\tR\u00e9f\u00e9rences : <span class=\"references-result-count\">0<\/span>\r\n\t\t<\/div>\r\n\r\n\t\t<!-- Loading Indicator -->\r\n\t\t<div class=\"references-loading\">\r\n\t\t\t<div class=\"loading-spinner\"><\/div>\r\n\t\t\t<div class=\"loading-text\">Chargement des r\u00e9f\u00e9rences...<\/div>\r\n\t\t<\/div>\r\n\t<\/div>\r\n\r\n\t<!-- Results Grid -->\r\n\t<div class=\"references-grid\"><\/div>\r\n\r\n\t<!-- Load More Button -->\r\n\t<button type=\"button\" class=\"references-load-more\" style=\"display: none;\">\r\n\t\tCharger Plus\t<\/button>\r\n\r\n<\/div>\r\n\r\n<script type=\"text\/javascript\">\r\n\t\/\/ Update items per page in localized script\r\n\tif ( window.archubReferences ) {\r\n\t\twindow.archubReferences.itemsPerPage = 5;\r\n\t}\r\n<\/script>\r\n\t\t\t\t<\/div>\n\t\t\t\t<\/div>\n\t\t\t\t\t<\/div>\n\t\t\t\t<\/div>\n\t\t\t\t<\/div>\n\t\t","protected":false},"excerpt":{"rendered":"<p>Nos r\u00e9f\u00e9rences Rechercher Pays Tous les Pays Allemagne Azerba\u00efdjan Bosnie-Herz\u00e9govine Bulgarie Croatie G\u00e9orgie Irak Nig\u00e9ria Ouzb\u00e9kistan Qatar Russie Turquie Type de R\u00e9f\u00e9rence Tous les Types Autres Projets Construction et Projets de Grande Envergure \u00c9tablissements d&#039;Enseignement et Foyers H\u00f4tels Projets de Sant\u00e9 Restaurants et Caf\u00e9s &nbsp; Effacer les Filtres R\u00e9f\u00e9rences : 0 Chargement des r\u00e9f\u00e9rences&#8230; Charger [&hellip;]<\/p>\n","protected":false},"author":1,"featured_media":0,"parent":0,"menu_order":0,"comment_status":"closed","ping_status":"closed","template":"elementor_theme","meta":{"footnotes":""},"class_list":["post-7956","page","type-page","status-publish","hentry"],"_links":{"self":[{"href":"https:\/\/hvygroup.com\/fr\/wp-json\/wp\/v2\/pages\/7956","targetHints":{"allow":["GET"]}}],"collection":[{"href":"https:\/\/hvygroup.com\/fr\/wp-json\/wp\/v2\/pages"}],"about":[{"href":"https:\/\/hvygroup.com\/fr\/wp-json\/wp\/v2\/types\/page"}],"author":[{"embeddable":true,"href":"https:\/\/hvygroup.com\/fr\/wp-json\/wp\/v2\/users\/1"}],"replies":[{"embeddable":true,"href":"https:\/\/hvygroup.com\/fr\/wp-json\/wp\/v2\/comments?post=7956"}],"version-history":[{"count":5,"href":"https:\/\/hvygroup.com\/fr\/wp-json\/wp\/v2\/pages\/7956\/revisions"}],"predecessor-version":[{"id":11817,"href":"https:\/\/hvygroup.com\/fr\/wp-json\/wp\/v2\/pages\/7956\/revisions\/11817"}],"wp:attachment":[{"href":"https:\/\/hvygroup.com\/fr\/wp-json\/wp\/v2\/media?parent=7956"}],"curies":[{"name":"wp","href":"https:\/\/api.w.org\/{rel}","templated":true}]}}